{"id":734,"date":"2026-02-10T09:01:57","date_gmt":"2026-02-10T08:01:57","guid":{"rendered":"https:\/\/www.ostellocresciano.ch\/?page_id=734"},"modified":"2026-02-16T10:55:37","modified_gmt":"2026-02-16T09:55:37","slug":"attivita-2","status":"publish","type":"page","link":"https:\/\/www.ostellocresciano.ch\/de\/attivita-2\/","title":{"rendered":"Wer wir sind"},"content":{"rendered":"<div data-elementor-type=\"wp-page\" data-elementor-id=\"734\" class=\"elementor elementor-734\" data-elementor-post-type=\"page\">\n\t\t\t\t<div class=\"elementor-element elementor-element-7bb083e e-flex e-con-boxed e-con e-parent\" data-id=\"7bb083e\" data-element_type=\"container\" data-e-type=\"container\">\n\t\t\t\t\t<div class=\"e-con-inner\">\n\t\t\t\t<div class=\"elementor-element elementor-element-c41f1b2 elementor-widget elementor-widget-prime-slider-mount\" data-id=\"c41f1b2\" data-element_type=\"widget\" data-e-type=\"widget\" data-widget_type=\"prime-slider-mount.default\">\n\t\t\t\t<div class=\"elementor-widget-container\">\n\t\t\t\t\t\t\t<div class=\"bdt-prime-slider\">\n\t\t\t<div class=\"bdt-prime-slider-mount\">\n\t\t\t\t<div class=\"bdt-position-relative bdt-visible-toggle\" data-settings=\"{&quot;id&quot;:&quot;#bdt-c41f1b2&quot;,&quot;animation_status&quot;:&quot;no&quot;}\" id=\"bdt-c41f1b2\" bdt-slideshow=\"{&quot;animation&quot;:&quot;fade&quot;,&quot;ratio&quot;:&quot;16:9&quot;,&quot;min-height&quot;:&quot;460&quot;,&quot;autoplay&quot;:true,&quot;autoplay-interval&quot;:7000,&quot;pause-on-hover&quot;:false,&quot;velocity&quot;:1,&quot;finite&quot;:false}\">\n\t\t\t\t\t<ul class=\"bdt-slideshow-items\">\n\t\t\t\t\t\t\n            <li class=\"bdt-slideshow-item bdt-flex bdt-flex-middle elementor-repeater-item-4ad0406\">\n\n\t\t\t\t\n\t\t\t\t\t\t<div class=\"bdt-ps-slide-img\"\n\t\t\t\t\t\t\tstyle=\"background-image: url('https:\/\/www.ostellocresciano.ch\/wp-content\/uploads\/2025\/06\/ostello-cresciano.jpg')\"><\/div>\n\n\t\t\t\t\t\t\n\t\t\t\t\t\t\t\t\n\t\t\t\t\t\t\t<div class=\"bdt-prime-slider-content\">\n\n\t\t\t\t\n\t\t\t\t\n\t\t\t<\/div>\n\n        \n            <\/li>\n\n        \n            <li class=\"bdt-slideshow-item bdt-flex bdt-flex-middle elementor-repeater-item-9432cc5\">\n\n\t\t\t\t\n\t\t\t\t\t\t<div class=\"bdt-ps-slide-img\"\n\t\t\t\t\t\t\tstyle=\"background-image: url('https:\/\/www.ostellocresciano.ch\/wp-content\/uploads\/2025\/07\/P1010291.jpg')\"><\/div>\n\n\t\t\t\t\t\t\n\t\t\t\t\t\t\t\t\n\t\t\t\t\t\t\t<div class=\"bdt-prime-slider-content\">\n\n\t\t\t\t\n\t\t\t\t\n\t\t\t<\/div>\n\n        \n            <\/li>\n\n        \n            <li class=\"bdt-slideshow-item bdt-flex bdt-flex-middle elementor-repeater-item-3053536\">\n\n\t\t\t\t\n\t\t\t\t\t\t<div class=\"bdt-ps-slide-img\"\n\t\t\t\t\t\t\tstyle=\"background-image: url('https:\/\/www.ostellocresciano.ch\/wp-content\/uploads\/2025\/07\/P1010296.jpg')\"><\/div>\n\n\t\t\t\t\t\t\n\t\t\t\t\t\t\t\t\n\t\t\t\t\t\t\t<div class=\"bdt-prime-slider-content\">\n\n\t\t\t\t\n\t\t\t\t\n\t\t\t<\/div>\n\n        \n            <\/li>\n\n        \n            <li class=\"bdt-slideshow-item bdt-flex bdt-flex-middle elementor-repeater-item-cd0b7cf\">\n\n\t\t\t\t\n\t\t\t\t\t\t<div class=\"bdt-ps-slide-img\"\n\t\t\t\t\t\t\tstyle=\"background-image: url('https:\/\/www.ostellocresciano.ch\/wp-content\/uploads\/2025\/07\/P1010256.jpg')\"><\/div>\n\n\t\t\t\t\t\t\n\t\t\t\t\t\t\t\t\n\t\t\t\t\t\t\t<div class=\"bdt-prime-slider-content\">\n\n\t\t\t\t\n\t\t\t\t\n\t\t\t<\/div>\n\n        \n            <\/li>\n\n        \n            <li class=\"bdt-slideshow-item bdt-flex bdt-flex-middle elementor-repeater-item-78cf844\">\n\n\t\t\t\t\n\t\t\t\t\t\t<div class=\"bdt-ps-slide-img\"\n\t\t\t\t\t\t\tstyle=\"background-image: url('https:\/\/www.ostellocresciano.ch\/wp-content\/uploads\/2025\/07\/P1010284.jpg')\"><\/div>\n\n\t\t\t\t\t\t\n\t\t\t\t\t\t\t\t\n\t\t\t\t\t\t\t<div class=\"bdt-prime-slider-content\">\n\n\t\t\t\t\n\t\t\t\t\n\t\t\t<\/div>\n\n        \n            <\/li>\n\n        \n                <\/ul>\n\n\t\t\t\t\n        \n            <ul class=\"bdt-ps-dotnav reveal-muted\">\n                                    <li bdt-slideshow-item=\"0\" data-label=\"01\" ><a href=\"#\">01<\/a><\/li>\n                                    <li bdt-slideshow-item=\"1\" data-label=\"02\" ><a href=\"#\">02<\/a><\/li>\n                                    <li bdt-slideshow-item=\"2\" data-label=\"03\" ><a href=\"#\">03<\/a><\/li>\n                                    <li bdt-slideshow-item=\"3\" data-label=\"04\" ><a href=\"#\">04<\/a><\/li>\n                                    <li bdt-slideshow-item=\"4\" data-label=\"05\" ><a href=\"#\">05<\/a><\/li>\n                \n                <span>05<\/span>\n            <\/ul>\n\n        \n        \t\t\t\t\n\t\t\t\t<div class=\"bdt-navigation-arrows reveal-muted\">\n\t\t\t<a class=\"bdt-prime-slider-previous\" href=\"#\" bdt-slidenav-previous bdt-slideshow-item=\"previous\"><\/a>\n\t\t\t<a class=\"bdt-prime-slider-next\" href=\"#\" bdt-slidenav-next bdt-slideshow-item=\"next\"><\/a>\n\t\t<\/div>\n\t\t\n\t\t\t\t\t\t\n            <\/div>\n\t\t\t\n\t\t\t<div class=\"bdt-prime-slider-social-icon reveal-muted\">\n\n\t\t\t\t<h3>\n\t\t\t\t\tFolgen Sie uns\t\t\t\t<\/h3>\n\n\t\t\t\t\t\t\t\t\t\t\t<a href=\"https:\/\/www.facebook.com\/profile.php?id=61576555641109\" target=\"_blank\" aria-label=\"Social Link Fb\">\n\t\t\t\t\t\t\t\t<span class=\"bdt-social-share-title\">\n\t\t\t\t\t\t\t\t\tFacebook\t\t\t\t\t\t\t\t<\/span>\n\t\t\t\t\t\t\t<\/a>\n\t\t\t\t\t\t\t\t\t\t\t\t\t<a href=\"http:\/\/www.instagram.com\/ostello_cresciano\" target=\"_blank\" aria-label=\"Social Link Ig\">\n\t\t\t\t\t\t\t\t<span class=\"bdt-social-share-title\">\n\t\t\t\t\t\t\t\t\tInstagram\t\t\t\t\t\t\t\t<\/span>\n\t\t\t\t\t\t\t<\/a>\n\t\t\t\t\t\t\n\t\t\t<\/div>\n\n\t\t\t\t<\/div>\n\t\t<\/div>\n        \t\t\t\t<\/div>\n\t\t\t\t<\/div>\n\t\t\t\t\t<\/div>\n\t\t\t\t<\/div>\n\t\t<div class=\"elementor-element elementor-element-63b4978 animated-slow e-flex e-con-boxed elementor-invisible e-con e-parent\" data-id=\"63b4978\" data-element_type=\"container\" data-e-type=\"container\" data-settings=\"{&quot;animation&quot;:&quot;zoomIn&quot;}\">\n\t\t\t\t\t<div class=\"e-con-inner\">\n\t\t<div class=\"elementor-element elementor-element-9761cb2 e-con-full e-flex e-con e-child\" data-id=\"9761cb2\" data-element_type=\"container\" data-e-type=\"container\">\n\t\t\t\t<div class=\"elementor-element elementor-element-c076431 elementor-widget elementor-widget-heading\" data-id=\"c076431\" data-element_type=\"widget\" data-e-type=\"widget\" data-widget_type=\"heading.default\">\n\t\t\t\t<div class=\"elementor-widget-container\">\n\t\t\t\t\t<h2 class=\"elementor-heading-title elementor-size-default\">WER WIR SIND<\/h2>\t\t\t\t<\/div>\n\t\t\t\t<\/div>\n\t\t\t\t<div class=\"elementor-element elementor-element-4049fa4 elementor-widget elementor-widget-image\" data-id=\"4049fa4\" data-element_type=\"widget\" data-e-type=\"widget\" data-widget_type=\"image.default\">\n\t\t\t\t<div class=\"elementor-widget-container\">\n\t\t\t\t\t\t\t\t\t\t\t\t\t\t\t<img fetchpriority=\"high\" decoding=\"async\" width=\"800\" height=\"534\" src=\"https:\/\/www.ostellocresciano.ch\/wp-content\/uploads\/2025\/07\/DSCF3629-1024x683.jpg\" class=\"attachment-large size-large wp-image-532\" alt=\"ostello cresciano\" srcset=\"https:\/\/www.ostellocresciano.ch\/wp-content\/uploads\/2025\/07\/DSCF3629-1024x683.jpg 1024w, https:\/\/www.ostellocresciano.ch\/wp-content\/uploads\/2025\/07\/DSCF3629-300x200.jpg 300w, https:\/\/www.ostellocresciano.ch\/wp-content\/uploads\/2025\/07\/DSCF3629-768x512.jpg 768w, https:\/\/www.ostellocresciano.ch\/wp-content\/uploads\/2025\/07\/DSCF3629-18x12.webp 18w, https:\/\/www.ostellocresciano.ch\/wp-content\/uploads\/2025\/07\/DSCF3629.jpg 1500w\" sizes=\"(max-width: 800px) 100vw, 800px\" \/>\t\t\t\t\t\t\t\t\t\t\t\t\t\t\t<\/div>\n\t\t\t\t<\/div>\n\t\t\t\t<\/div>\n\t\t<div class=\"elementor-element elementor-element-6542dff e-con-full e-flex e-con e-child\" data-id=\"6542dff\" data-element_type=\"container\" data-e-type=\"container\" data-settings=\"{&quot;background_background&quot;:&quot;classic&quot;}\">\n\t\t\t\t<div class=\"elementor-element elementor-element-dae307c elementor-widget elementor-widget-text-editor\" data-id=\"dae307c\" data-element_type=\"widget\" data-e-type=\"widget\" data-widget_type=\"text-editor.default\">\n\t\t\t\t<div class=\"elementor-widget-container\">\n\t\t\t\t\t\t\t\t\t<p>Ostello Cresciano entstand 2009 aus einem gemeinsamen Traum, der mit viel Herzblut und Engagement verwirklicht wurde. Ein Familienprojekt, geboren aus der Begegnung zweier Generationen: Andy und sein Vater, der eine mit Erfahrung, der andere mit Tatendrang und Entschlossenheit. Gemeinsam schufen sie einen Ort, der nicht nur G\u00e4ste willkommen hei\u00dft, sondern auch Menschen, Geschichten und Erlebnisse zusammenbringt.<br \/>Eingebettet in eine ruhige Ecke des Tals, ist die Herberge mit der Boulder-Community gewachsen und zu einem Zuhause f\u00fcr all jene geworden, f\u00fcr die Klettern mehr als nur ein Reiseziel, sondern eine Lebenseinstellung ist. Hier ticken die Uhren anders, gepr\u00e4gt von der Natur, der Vorfreude und der R\u00fcckkehr.<br \/>Wie jeder gro\u00dfe Traum hatte auch dieser seine Herausforderungen. Verantwortung, Erwartungen und die Last des t\u00e4glichen Managements verwandelten die anf\u00e4ngliche Begeisterung in eine Belastung. Das Hostel wechselte daher mehrmals den Besitzer, und jeder \u00dcbergang hinterlie\u00df seine Spuren, seine eigene Geschichte.<br \/>Heute wird Ostello Cresciano von Veronika, Andys Schwester, geleitet. Mit diskreter, aber bestimmter Pr\u00e4senz f\u00fchrt sie das Ostello mit Sorgfalt, Respekt und Weitsicht, bewahrt Bew\u00e4hrtes und lenkt es zu einem neuen Gleichgewicht.<br \/>Das sind wir: eine Familiengeschichte, eine Geschichte von unverg\u00e4nglicher Leidenschaft, von Ver\u00e4nderungen, die wir ertragen haben, ohne unsere Identit\u00e4t zu verlieren. Ein lebendiger Ort, von verschiedenen H\u00e4nden geschaffen und mit einem einzigen, best\u00e4ndigen Ziel: die T\u00fcr offen zu halten f\u00fcr alle, die ankommen, vorbeigehen oder zur\u00fcckkehren.<\/p>\t\t\t\t\t\t\t\t<\/div>\n\t\t\t\t<\/div>\n\t\t\t\t<\/div>\n\t\t\t\t\t<\/div>\n\t\t\t\t<\/div>\n\t\t\t\t<\/div>","protected":false},"excerpt":{"rendered":"<p>01 02 03 04 05 05 Follow Us Fb Ig CHI SIAMO L\u2019Ostello Cresciano nasce nel 2009 da un sogno condiviso, costruito con le mani e con il cuore. Un progetto familiare nato dall\u2019incontro tra due generazioni: Andy e suo padre, uno con l\u2019esperienza, l\u2019altro con l\u2019energia e la determinazione. Insieme hanno dato forma a [&hellip;]<\/p>\n","protected":false},"author":1,"featured_media":0,"parent":0,"menu_order":0,"comment_status":"closed","ping_status":"closed","template":"","meta":{"footnotes":""},"class_list":["post-734","page","type-page","status-publish","hentry"],"yoast_head":"<!-- This site is optimized with the Yoast SEO plugin v27.5 - https:\/\/yoast.com\/product\/yoast-seo-wordpress\/ -->\n<title>Chi Siamo - Ostello Cresciano<\/title>\n<meta name=\"description\" content=\"Scopri le attivit\u00e0 che puoi svolgere soggiornando all&#039;Ostello Cresciano: dal bouldering al canyoning all&#039;escursionismo agli sport invernali\" \/>\n<meta name=\"robots\" content=\"index, follow, max-snippet:-1, max-image-preview:large, max-video-preview:-1\" \/>\n<link rel=\"canonical\" href=\"https:\/\/www.ostellocresciano.ch\/de\/attivita-2\/\" \/>\n<meta property=\"og:locale\" content=\"de_DE\" \/>\n<meta property=\"og:type\" content=\"article\" \/>\n<meta property=\"og:title\" content=\"Chi Siamo - Ostello Cresciano\" \/>\n<meta property=\"og:description\" content=\"Scopri le attivit\u00e0 che puoi svolgere soggiornando all&#039;Ostello Cresciano: dal bouldering al canyoning all&#039;escursionismo agli sport invernali\" \/>\n<meta property=\"og:url\" content=\"https:\/\/www.ostellocresciano.ch\/de\/attivita-2\/\" \/>\n<meta property=\"og:site_name\" content=\"Ostello Cresciano\" \/>\n<meta property=\"article:publisher\" content=\"https:\/\/www.facebook.com\/profile.php?id=61576555641109\" \/>\n<meta property=\"article:modified_time\" content=\"2026-02-16T09:55:37+00:00\" \/>\n<meta property=\"og:image\" content=\"https:\/\/www.ostellocresciano.ch\/wp-content\/uploads\/2025\/07\/DSCF3629.jpg\" \/>\n\t<meta property=\"og:image:width\" content=\"1500\" \/>\n\t<meta property=\"og:image:height\" content=\"1000\" \/>\n\t<meta property=\"og:image:type\" content=\"image\/webp\" \/>\n<meta name=\"twitter:card\" content=\"summary_large_image\" \/>\n<meta name=\"twitter:label1\" content=\"Gesch\u00e4tzte Lesezeit\" \/>\n\t<meta name=\"twitter:data1\" content=\"2\u00a0Minuten\" \/>\n<script type=\"application\/ld+json\" class=\"yoast-schema-graph\">{\"@context\":\"https:\\\/\\\/schema.org\",\"@graph\":[{\"@type\":\"WebPage\",\"@id\":\"https:\\\/\\\/www.ostellocresciano.ch\\\/attivita-2\\\/\",\"url\":\"https:\\\/\\\/www.ostellocresciano.ch\\\/attivita-2\\\/\",\"name\":\"Chi Siamo - Ostello Cresciano\",\"isPartOf\":{\"@id\":\"https:\\\/\\\/www.ostellocresciano.ch\\\/#website\"},\"primaryImageOfPage\":{\"@id\":\"https:\\\/\\\/www.ostellocresciano.ch\\\/attivita-2\\\/#primaryimage\"},\"image\":{\"@id\":\"https:\\\/\\\/www.ostellocresciano.ch\\\/attivita-2\\\/#primaryimage\"},\"thumbnailUrl\":\"https:\\\/\\\/www.ostellocresciano.ch\\\/wp-content\\\/uploads\\\/2025\\\/07\\\/DSCF3629-1024x683.jpg\",\"datePublished\":\"2026-02-10T08:01:57+00:00\",\"dateModified\":\"2026-02-16T09:55:37+00:00\",\"description\":\"Scopri le attivit\u00e0 che puoi svolgere soggiornando all'Ostello Cresciano: dal bouldering al canyoning all'escursionismo agli sport invernali\",\"breadcrumb\":{\"@id\":\"https:\\\/\\\/www.ostellocresciano.ch\\\/attivita-2\\\/#breadcrumb\"},\"inLanguage\":\"de\",\"potentialAction\":[{\"@type\":\"ReadAction\",\"target\":[\"https:\\\/\\\/www.ostellocresciano.ch\\\/attivita-2\\\/\"]}]},{\"@type\":\"ImageObject\",\"inLanguage\":\"de\",\"@id\":\"https:\\\/\\\/www.ostellocresciano.ch\\\/attivita-2\\\/#primaryimage\",\"url\":\"https:\\\/\\\/www.ostellocresciano.ch\\\/wp-content\\\/uploads\\\/2025\\\/07\\\/DSCF3629-1024x683.jpg\",\"contentUrl\":\"https:\\\/\\\/www.ostellocresciano.ch\\\/wp-content\\\/uploads\\\/2025\\\/07\\\/DSCF3629-1024x683.jpg\"},{\"@type\":\"BreadcrumbList\",\"@id\":\"https:\\\/\\\/www.ostellocresciano.ch\\\/attivita-2\\\/#breadcrumb\",\"itemListElement\":[{\"@type\":\"ListItem\",\"position\":1,\"name\":\"Home\",\"item\":\"https:\\\/\\\/www.ostellocresciano.ch\\\/\"},{\"@type\":\"ListItem\",\"position\":2,\"name\":\"Chi Siamo\"}]},{\"@type\":\"WebSite\",\"@id\":\"https:\\\/\\\/www.ostellocresciano.ch\\\/#website\",\"url\":\"https:\\\/\\\/www.ostellocresciano.ch\\\/\",\"name\":\"Ostello Cresciano\",\"description\":\"il campo base per le tue passioni\",\"publisher\":{\"@id\":\"https:\\\/\\\/www.ostellocresciano.ch\\\/#organization\"},\"potentialAction\":[{\"@type\":\"SearchAction\",\"target\":{\"@type\":\"EntryPoint\",\"urlTemplate\":\"https:\\\/\\\/www.ostellocresciano.ch\\\/?s={search_term_string}\"},\"query-input\":{\"@type\":\"PropertyValueSpecification\",\"valueRequired\":true,\"valueName\":\"search_term_string\"}}],\"inLanguage\":\"de\"},{\"@type\":\"Organization\",\"@id\":\"https:\\\/\\\/www.ostellocresciano.ch\\\/#organization\",\"name\":\"Ostello Cresciano\",\"url\":\"https:\\\/\\\/www.ostellocresciano.ch\\\/\",\"logo\":{\"@type\":\"ImageObject\",\"inLanguage\":\"de\",\"@id\":\"https:\\\/\\\/www.ostellocresciano.ch\\\/#\\\/schema\\\/logo\\\/image\\\/\",\"url\":\"https:\\\/\\\/www.ostellocresciano.ch\\\/wp-content\\\/uploads\\\/2025\\\/06\\\/spirale_casciano-senape.png\",\"contentUrl\":\"https:\\\/\\\/www.ostellocresciano.ch\\\/wp-content\\\/uploads\\\/2025\\\/06\\\/spirale_casciano-senape.png\",\"width\":969,\"height\":969,\"caption\":\"Ostello Cresciano\"},\"image\":{\"@id\":\"https:\\\/\\\/www.ostellocresciano.ch\\\/#\\\/schema\\\/logo\\\/image\\\/\"},\"sameAs\":[\"https:\\\/\\\/www.facebook.com\\\/profile.php?id=61576555641109\",\"https:\\\/\\\/www.instagram.com\\\/ostello_cresciano\"]}]}<\/script>\n<!-- \/ Yoast SEO plugin. -->","yoast_head_json":{"title":"Chi Siamo - Ostello Cresciano","description":"Entdecken Sie die Aktivit\u00e4ten, die Sie w\u00e4hrend Ihres Aufenthalts im Ostello Cresciano genie\u00dfen k\u00f6nnen: vom Bouldern und Canyoning bis hin zum Wandern und Wintersport.","robots":{"index":"index","follow":"follow","max-snippet":"max-snippet:-1","max-image-preview":"max-image-preview:large","max-video-preview":"max-video-preview:-1"},"canonical":"https:\/\/www.ostellocresciano.ch\/de\/attivita-2\/","og_locale":"de_DE","og_type":"article","og_title":"Chi Siamo - Ostello Cresciano","og_description":"Scopri le attivit\u00e0 che puoi svolgere soggiornando all'Ostello Cresciano: dal bouldering al canyoning all'escursionismo agli sport invernali","og_url":"https:\/\/www.ostellocresciano.ch\/de\/attivita-2\/","og_site_name":"Ostello Cresciano","article_publisher":"https:\/\/www.facebook.com\/profile.php?id=61576555641109","article_modified_time":"2026-02-16T09:55:37+00:00","og_image":[{"width":1500,"height":1000,"url":"https:\/\/www.ostellocresciano.ch\/wp-content\/uploads\/2025\/07\/DSCF3629.jpg","type":"image\/webp"}],"twitter_card":"summary_large_image","twitter_misc":{"Gesch\u00e4tzte Lesezeit":"2\u00a0Minuten"},"schema":{"@context":"https:\/\/schema.org","@graph":[{"@type":"WebPage","@id":"https:\/\/www.ostellocresciano.ch\/attivita-2\/","url":"https:\/\/www.ostellocresciano.ch\/attivita-2\/","name":"Chi Siamo - Ostello Cresciano","isPartOf":{"@id":"https:\/\/www.ostellocresciano.ch\/#website"},"primaryImageOfPage":{"@id":"https:\/\/www.ostellocresciano.ch\/attivita-2\/#primaryimage"},"image":{"@id":"https:\/\/www.ostellocresciano.ch\/attivita-2\/#primaryimage"},"thumbnailUrl":"https:\/\/www.ostellocresciano.ch\/wp-content\/uploads\/2025\/07\/DSCF3629-1024x683.jpg","datePublished":"2026-02-10T08:01:57+00:00","dateModified":"2026-02-16T09:55:37+00:00","description":"Entdecken Sie die Aktivit\u00e4ten, die Sie w\u00e4hrend Ihres Aufenthalts im Ostello Cresciano genie\u00dfen k\u00f6nnen: vom Bouldern und Canyoning bis hin zum Wandern und Wintersport.","breadcrumb":{"@id":"https:\/\/www.ostellocresciano.ch\/attivita-2\/#breadcrumb"},"inLanguage":"de","potentialAction":[{"@type":"ReadAction","target":["https:\/\/www.ostellocresciano.ch\/attivita-2\/"]}]},{"@type":"ImageObject","inLanguage":"de","@id":"https:\/\/www.ostellocresciano.ch\/attivita-2\/#primaryimage","url":"https:\/\/www.ostellocresciano.ch\/wp-content\/uploads\/2025\/07\/DSCF3629-1024x683.jpg","contentUrl":"https:\/\/www.ostellocresciano.ch\/wp-content\/uploads\/2025\/07\/DSCF3629-1024x683.jpg"},{"@type":"BreadcrumbList","@id":"https:\/\/www.ostellocresciano.ch\/attivita-2\/#breadcrumb","itemListElement":[{"@type":"ListItem","position":1,"name":"Home","item":"https:\/\/www.ostellocresciano.ch\/"},{"@type":"ListItem","position":2,"name":"Chi Siamo"}]},{"@type":"WebSite","@id":"https:\/\/www.ostellocresciano.ch\/#website","url":"https:\/\/www.ostellocresciano.ch\/","name":"Cresciano Hostel","description":"Das Basislager f\u00fcr deine Leidenschaften","publisher":{"@id":"https:\/\/www.ostellocresciano.ch\/#organization"},"potentialAction":[{"@type":"SearchAction","target":{"@type":"EntryPoint","urlTemplate":"https:\/\/www.ostellocresciano.ch\/?s={search_term_string}"},"query-input":{"@type":"PropertyValueSpecification","valueRequired":true,"valueName":"search_term_string"}}],"inLanguage":"de"},{"@type":"Organization","@id":"https:\/\/www.ostellocresciano.ch\/#organization","name":"Cresciano Hostel","url":"https:\/\/www.ostellocresciano.ch\/","logo":{"@type":"ImageObject","inLanguage":"de","@id":"https:\/\/www.ostellocresciano.ch\/#\/schema\/logo\/image\/","url":"https:\/\/www.ostellocresciano.ch\/wp-content\/uploads\/2025\/06\/spirale_casciano-senape.png","contentUrl":"https:\/\/www.ostellocresciano.ch\/wp-content\/uploads\/2025\/06\/spirale_casciano-senape.png","width":969,"height":969,"caption":"Ostello Cresciano"},"image":{"@id":"https:\/\/www.ostellocresciano.ch\/#\/schema\/logo\/image\/"},"sameAs":["https:\/\/www.facebook.com\/profile.php?id=61576555641109","https:\/\/www.instagram.com\/ostello_cresciano"]}]}},"_links":{"self":[{"href":"https:\/\/www.ostellocresciano.ch\/de\/wp-json\/wp\/v2\/pages\/734","targetHints":{"allow":["GET"]}}],"collection":[{"href":"https:\/\/www.ostellocresciano.ch\/de\/wp-json\/wp\/v2\/pages"}],"about":[{"href":"https:\/\/www.ostellocresciano.ch\/de\/wp-json\/wp\/v2\/types\/page"}],"author":[{"embeddable":true,"href":"https:\/\/www.ostellocresciano.ch\/de\/wp-json\/wp\/v2\/users\/1"}],"replies":[{"embeddable":true,"href":"https:\/\/www.ostellocresciano.ch\/de\/wp-json\/wp\/v2\/comments?post=734"}],"version-history":[{"count":10,"href":"https:\/\/www.ostellocresciano.ch\/de\/wp-json\/wp\/v2\/pages\/734\/revisions"}],"predecessor-version":[{"id":746,"href":"https:\/\/www.ostellocresciano.ch\/de\/wp-json\/wp\/v2\/pages\/734\/revisions\/746"}],"wp:attachment":[{"href":"https:\/\/www.ostellocresciano.ch\/de\/wp-json\/wp\/v2\/media?parent=734"}],"curies":[{"name":"wp","href":"https:\/\/api.w.org\/{rel}","templated":true}]}}